{"id":109,"date":"2018-09-11T21:24:01","date_gmt":"2018-09-11T21:24:01","guid":{"rendered":"https:\/\/musicaparabodascastellon.com\/?page_id=109"},"modified":"2025-01-23T10:36:35","modified_gmt":"2025-01-23T10:36:35","slug":"agrupaciones","status":"publish","type":"page","link":"https:\/\/musicaparabodascastellon.com\/?page_id=109","title":{"rendered":"Agrupaciones"},"content":{"rendered":"\n<p>TIPOS DE AGRUPACIONES INSTRUMENTALES<\/p>\n\n\n\n<hr class=\"wp-block-separator has-css-opacity\"\/>\n\n\n\n<p><strong>Solos:<\/strong><\/p>\n\n\n\n<p class=\"has-text-align-left\">Viol\u00edn Solo   <\/p>\n\n\n\n<hr class=\"wp-block-separator aligncenter has-css-opacity is-style-wide\"\/>\n\n\n\n<p><\/p>\n\n\n\n<p><strong>D\u00faos:<\/strong><\/p>\n\n\n\n<p>Viol\u00edn + Viol\u00edn <\/p>\n\n\n\n<p>Viol\u00edn +&nbsp; Cello<\/p>\n\n\n\n<p>Viol\u00edn + Piano<\/p>\n\n\n\n<p>Viol\u00edn + Viola<\/p>\n\n\n\n<hr class=\"wp-block-separator has-css-opacity\"\/>\n\n\n\n<p><strong>Tr\u00edos:<\/strong><\/p>\n\n\n\n<p>2 Violines + Cello<\/p>\n\n\n\n<p>2 Violines + Piano<\/p>\n\n\n\n<p>Viol\u00edn + Viola + Cello<\/p>\n\n\n\n<p>Viol\u00edn + Cello + Piano<\/p>\n\n\n\n<hr class=\"wp-block-separator has-css-opacity\"\/>\n\n\n\n<p><strong>Cuartetos:<\/strong><\/p>\n\n\n\n<p>2 Violines + Viola + Cello<\/p>\n\n\n\n<p>2 Violines + Viola + Piano<\/p>\n\n\n\n<p>2 Violines + Cello + Piano<\/p>\n\n\n\n<p><\/p>\n\n\n\n<hr class=\"wp-block-separator has-css-opacity\"\/>\n\n\n\n<p><strong>Quintetos: <\/strong><\/p>\n\n\n\n<p>2 Violines + Viola + Cello + Piano<\/p>\n\n\n\n<p><\/p>\n\n\n\n<hr class=\"wp-block-separator has-css-opacity\"\/>\n\n\n\n<p>* <strong>En caso de querer a\u00f1adir CANTANTE en alguna de las agrupaciones, debe hacerlo saber con antelaci\u00f3n.<\/strong><\/p>\n\n\n\n<p><\/p>\n","protected":false},"excerpt":{"rendered":"<p>TIPOS DE AGRUPACIONES INSTRUMENTALES Solos: Viol\u00edn Solo D\u00faos: Viol\u00edn + Viol\u00edn Viol\u00edn +&nbsp; Cello Viol\u00edn + Piano Viol\u00edn + Viola Tr\u00edos: 2 Violines + Cello 2 Violines + Piano Viol\u00edn + Viola + Cello Viol\u00edn + Cello + Piano Cuartetos: 2 Violines + Viola + Cello 2 Violines + Viola + Piano 2 Violines +<a class=\"moretag\" href=\"https:\/\/musicaparabodascastellon.com\/?page_id=109\"><span class=\"screen-reader-text\">Leer m\u00e1s sobre Agrupaciones<\/span>[&#8230;]<\/a><\/p>\n","protected":false},"author":1,"featured_media":0,"parent":0,"menu_order":0,"comment_status":"closed","ping_status":"closed","template":"","meta":{"ngg_post_thumbnail":0,"footnotes":""},"class_list":["post-109","page","type-page","status-publish","hentry"],"_links":{"self":[{"href":"https:\/\/musicaparabodascastellon.com\/index.php?rest_route=\/wp\/v2\/pages\/109","targetHints":{"allow":["GET"]}}],"collection":[{"href":"https:\/\/musicaparabodascastellon.com\/index.php?rest_route=\/wp\/v2\/pages"}],"about":[{"href":"https:\/\/musicaparabodascastellon.com\/index.php?rest_route=\/wp\/v2\/types\/page"}],"author":[{"embeddable":true,"href":"https:\/\/musicaparabodascastellon.com\/index.php?rest_route=\/wp\/v2\/users\/1"}],"replies":[{"embeddable":true,"href":"https:\/\/musicaparabodascastellon.com\/index.php?rest_route=%2Fwp%2Fv2%2Fcomments&post=109"}],"version-history":[{"count":18,"href":"https:\/\/musicaparabodascastellon.com\/index.php?rest_route=\/wp\/v2\/pages\/109\/revisions"}],"predecessor-version":[{"id":657,"href":"https:\/\/musicaparabodascastellon.com\/index.php?rest_route=\/wp\/v2\/pages\/109\/revisions\/657"}],"wp:attachment":[{"href":"https:\/\/musicaparabodascastellon.com\/index.php?rest_route=%2Fwp%2Fv2%2Fmedia&parent=109"}],"curies":[{"name":"wp","href":"https:\/\/api.w.org\/{rel}","templated":true}]}}