{"id":2,"date":"2014-04-14T22:20:59","date_gmt":"2014-04-14T22:20:59","guid":{"rendered":"https:\/\/musicaparabodascastellon.com\/?page_id=2"},"modified":"2025-07-14T18:36:50","modified_gmt":"2025-07-14T18:36:50","slug":"sample-page","status":"publish","type":"page","link":"https:\/\/musicaparabodascastellon.com\/","title":{"rendered":"Principal"},"content":{"rendered":"\n<figure class=\"wp-block-image size-large\"><a href=\"https:\/\/musicaparabodascastellon.com\/wp-content\/uploads\/2025\/07\/imagen-conjunta.png\"><img loading=\"lazy\" decoding=\"async\" width=\"1024\" height=\"407\" src=\"https:\/\/musicaparabodascastellon.com\/wp-content\/uploads\/2025\/07\/imagen-conjunta-1024x407.png\" alt=\"\" class=\"wp-image-664\" srcset=\"https:\/\/musicaparabodascastellon.com\/wp-content\/uploads\/2025\/07\/imagen-conjunta-1024x407.png 1024w, https:\/\/musicaparabodascastellon.com\/wp-content\/uploads\/2025\/07\/imagen-conjunta-300x119.png 300w, https:\/\/musicaparabodascastellon.com\/wp-content\/uploads\/2025\/07\/imagen-conjunta-768x305.png 768w, https:\/\/musicaparabodascastellon.com\/wp-content\/uploads\/2025\/07\/imagen-conjunta.png 1536w\" sizes=\"auto, (max-width: 1024px) 100vw, 1024px\" \/><\/a><\/figure>\n\n\n\n<div style=\"height:42px\" aria-hidden=\"true\" class=\"wp-block-spacer\"><\/div>\n\n\n\n<p class=\"has-text-align-left has-medium-font-size\"><span style=\"font-family: Lato,serif;\"><span style=\"font-size: large;\">La m\u00fasica cl\u00e1sica para cualquier evento, ya sea una ceremonia religiosa, una ceremonia civil, una inauguraci\u00f3n, una fiesta privada&#8230; es una elegante elecci\u00f3n para dotar al evento de una belleza irresistible y garantizar la magia en esos momentos tan especiales.<\/span><\/span><\/p>\n\n\n\n<p class=\"has-text-align-left has-medium-font-size\"><span style=\"font-family: Lato,serif;\"><span style=\"font-size: large;\">Desde \u201cm\u00fasica para bodas\u201d contamos con una serie de m\u00fasicos profesionales, licenciados en ense\u00f1anzas superiores de m\u00fasica y sobre todo, mucha experiencia en este tipo de sector. <\/span><\/span><\/p>\n\n\n\n<p class=\"has-text-align-left has-medium-font-size\"><span style=\"font-family: Lato,serif;\"><span style=\"font-size: large;\">De esta forma, el contratante puede estar seguro de que nuestro rendimiento ser\u00e1 indudable, con un resultado excepcional.<\/span><\/span><\/p>\n\n\n\n<p class=\"has-text-align-left has-medium-font-size\"><span style=\"font-family: Lato,serif;\"><span style=\"font-size: large;\">Incluso si el contratante lo desea, podr\u00eda incluso elegir el mismo el repertorio o dejarlo todo en nuestras manos de forma que podamos evitar ese trabajo por parte del contratante ya que nuestra experiencia hace que sepamos estructurar cualquier evento. <\/span><\/span><\/p>\n\n\n\n<p class=\"has-text-align-left has-medium-font-size\"><span style=\"font-family: Lato,serif;\"><span style=\"font-size: large;\">Algunas de nuestras piezas m\u00e1s conocidas: <\/span><\/span><\/p>\n\n\n\n<p>La rejouissance. Allegro<\/p>\n\n\n\n<figure class=\"wp-block-audio\"><audio controls src=\"http:\/\/musicaparabodascastellon.com\/wp-content\/uploads\/2014\/04\/4__La_rejouissance\u0420\u0430\u0434\u043e\u0441\u0442\u044c__Allegro.mp3\"><\/audio><\/figure>\n\n\n\n<p>Adagio en Sol menor. <strong>T. Albinoni<\/strong><\/p>\n\n\n\n<figure class=\"wp-block-audio\"><audio controls src=\"http:\/\/musicaparabodascastellon.com\/wp-content\/uploads\/2014\/04\/Adagio_in_G_minor.mp3\"><\/audio><\/figure>\n\n\n\n<p>Suite N\u00ba 3 en Re Mayor.<strong> J. S. Bach<\/strong><\/p>\n\n\n\n<figure class=\"wp-block-audio\"><audio controls src=\"http:\/\/musicaparabodascastellon.com\/wp-content\/uploads\/2014\/04\/Air_-Suite_No__3_In_D_Major_Bwv_1068.mp3\"><\/audio><\/figure>\n\n\n\n<p>Una noche por las calles de Madrid. <strong>L. Bocherinni<\/strong><\/p>\n\n\n\n<figure class=\"wp-block-audio\"><audio controls src=\"http:\/\/musicaparabodascastellon.com\/wp-content\/uploads\/2014\/04\/AUD-20140325-WA0002.mp3\"><\/audio><\/figure>\n\n\n\n<p>Canon en Re. <strong>J. Pachelbel<\/strong><\/p>\n\n\n\n<figure class=\"wp-block-audio\"><audio controls src=\"http:\/\/musicaparabodascastellon.com\/wp-content\/uploads\/2014\/04\/Canon_in_D_Major.mp3\"><\/audio><\/figure>\n\n\n\n<p>Lascia ch&#8217;io pianga. Aria. <strong>Farinelli<\/strong><\/p>\n\n\n\n<figure class=\"wp-block-audio\"><audio controls src=\"http:\/\/musicaparabodascastellon.com\/wp-content\/uploads\/2014\/04\/Lascia_ch_io_pianga_Farinelli.mp3\"><\/audio><\/figure>\n\n\n\n<p>Por una cabeza. Tango. <strong>C. Gardel<\/strong><\/p>\n\n\n\n<figure class=\"wp-block-audio\"><audio controls src=\"http:\/\/musicaparabodascastellon.com\/wp-content\/uploads\/2014\/04\/Por_Una_Cabeza.mp3\"><\/audio><\/figure>\n\n\n\n<p>Marcha Nupcial. <strong>F. Mendelsohn<\/strong><\/p>\n\n\n\n<figure class=\"wp-block-audio\"><audio controls src=\"http:\/\/musicaparabodascastellon.com\/wp-content\/uploads\/2014\/04\/Wedding_March.mp3\"><\/audio><\/figure>\n\n\n\n<p>Marcha Nupcial. <strong>R. Wagner<\/strong><\/p>\n\n\n\n<figure class=\"wp-block-audio\"><audio controls src=\"http:\/\/musicaparabodascastellon.com\/wp-content\/uploads\/2014\/04\/Wedding_March_from_Lohengrin.mp3\"><\/audio><\/figure>\n\n\n\n<p><\/p>\n\n\n\n\n\n\n\n\n","protected":false},"excerpt":{"rendered":"<p>La m\u00fasica cl\u00e1sica para cualquier evento, ya sea una ceremonia religiosa, una ceremonia civil, una inauguraci\u00f3n, una fiesta privada&#8230; es una elegante elecci\u00f3n para dotar al evento de una belleza irresistible y garantizar la magia en esos momentos tan especiales. Desde \u201cm\u00fasica para bodas\u201d contamos con una serie de m\u00fasicos profesionales, licenciados en ense\u00f1anzas superiores<a class=\"moretag\" href=\"https:\/\/musicaparabodascastellon.com\/\"><span class=\"screen-reader-text\">Leer m\u00e1s sobre Principal<\/span>[&#8230;]<\/a><\/p>\n","protected":false},"author":1,"featured_media":0,"parent":0,"menu_order":0,"comment_status":"closed","ping_status":"closed","template":"","meta":{"ngg_post_thumbnail":0,"footnotes":""},"class_list":["post-2","page","type-page","status-publish","hentry"],"_links":{"self":[{"href":"https:\/\/musicaparabodascastellon.com\/index.php?rest_route=\/wp\/v2\/pages\/2","targetHints":{"allow":["GET"]}}],"collection":[{"href":"https:\/\/musicaparabodascastellon.com\/index.php?rest_route=\/wp\/v2\/pages"}],"about":[{"href":"https:\/\/musicaparabodascastellon.com\/index.php?rest_route=\/wp\/v2\/types\/page"}],"author":[{"embeddable":true,"href":"https:\/\/musicaparabodascastellon.com\/index.php?rest_route=\/wp\/v2\/users\/1"}],"replies":[{"embeddable":true,"href":"https:\/\/musicaparabodascastellon.com\/index.php?rest_route=%2Fwp%2Fv2%2Fcomments&post=2"}],"version-history":[{"count":81,"href":"https:\/\/musicaparabodascastellon.com\/index.php?rest_route=\/wp\/v2\/pages\/2\/revisions"}],"predecessor-version":[{"id":667,"href":"https:\/\/musicaparabodascastellon.com\/index.php?rest_route=\/wp\/v2\/pages\/2\/revisions\/667"}],"wp:attachment":[{"href":"https:\/\/musicaparabodascastellon.com\/index.php?rest_route=%2Fwp%2Fv2%2Fmedia&parent=2"}],"curies":[{"name":"wp","href":"https:\/\/api.w.org\/{rel}","templated":true}]}}