{"id":38,"date":"2014-04-20T09:53:33","date_gmt":"2014-04-20T09:53:33","guid":{"rendered":"https:\/\/musicaparabodascastellon.com\/?page_id=38"},"modified":"2025-09-28T09:01:27","modified_gmt":"2025-09-28T09:01:27","slug":"repertorio","status":"publish","type":"page","link":"https:\/\/musicaparabodascastellon.com\/?page_id=38","title":{"rendered":"Repertorio"},"content":{"rendered":"<p style=\"text-align: left;\">Contamos con un amplio repertorio musical que abarca desde la m\u00fasica cl\u00e1sica, pop espa\u00f1ol, pop brit\u00e1nico, rock, bandas sonoras, tangos&#8230; Nuestro repertorio siempre est\u00e1 en constante evoluci\u00f3n, actualiz\u00e1ndose temporada a temporada para poder ofrecer los mejores \u00e9xitos.&nbsp;<\/p>\n<p style=\"text-align: left;\">Para poder visualizar los temas, dar clic al tema elegido y os llevar\u00e1 a un v\u00eddeo del mismo.<\/p>\n<p>En caso de querer alg\u00fan tema que no se encuentre dentro de nuestro repertorio, os pod\u00e9is poner en contacto con nosotros y estaremos encantados de poder componer para vosotros el tema en cuesti\u00f3n.<\/p>\n<p><a href=\"https:\/\/drive.google.com\/file\/d\/1cadzSln863dnf3v3v-ym2aXLv-paHG9E\/view?usp=sharing\">Descarga nuestro repertorio aqu\u00ed:<\/a><\/p>\n<p>&nbsp;<\/p>\n\n\n<p><\/p>\n","protected":false},"excerpt":{"rendered":"<p>Contamos con un amplio repertorio musical que abarca desde la m\u00fasica cl\u00e1sica, pop espa\u00f1ol, pop brit\u00e1nico, rock, bandas sonoras, tangos&#8230; Nuestro repertorio siempre est\u00e1 en constante evoluci\u00f3n, actualiz\u00e1ndose temporada a temporada para poder ofrecer los mejores \u00e9xitos.&nbsp; Para poder visualizar los temas, dar clic al tema elegido y os llevar\u00e1 a un v\u00eddeo del mismo.<a class=\"moretag\" href=\"https:\/\/musicaparabodascastellon.com\/?page_id=38\"><span class=\"screen-reader-text\">Leer m\u00e1s sobre Repertorio<\/span>[&#8230;]<\/a><\/p>\n","protected":false},"author":1,"featured_media":0,"parent":0,"menu_order":0,"comment_status":"closed","ping_status":"closed","template":"","meta":{"ngg_post_thumbnail":0,"footnotes":""},"class_list":["post-38","page","type-page","status-publish","hentry"],"_links":{"self":[{"href":"https:\/\/musicaparabodascastellon.com\/index.php?rest_route=\/wp\/v2\/pages\/38","targetHints":{"allow":["GET"]}}],"collection":[{"href":"https:\/\/musicaparabodascastellon.com\/index.php?rest_route=\/wp\/v2\/pages"}],"about":[{"href":"https:\/\/musicaparabodascastellon.com\/index.php?rest_route=\/wp\/v2\/types\/page"}],"author":[{"embeddable":true,"href":"https:\/\/musicaparabodascastellon.com\/index.php?rest_route=\/wp\/v2\/users\/1"}],"replies":[{"embeddable":true,"href":"https:\/\/musicaparabodascastellon.com\/index.php?rest_route=%2Fwp%2Fv2%2Fcomments&post=38"}],"version-history":[{"count":33,"href":"https:\/\/musicaparabodascastellon.com\/index.php?rest_route=\/wp\/v2\/pages\/38\/revisions"}],"predecessor-version":[{"id":671,"href":"https:\/\/musicaparabodascastellon.com\/index.php?rest_route=\/wp\/v2\/pages\/38\/revisions\/671"}],"wp:attachment":[{"href":"https:\/\/musicaparabodascastellon.com\/index.php?rest_route=%2Fwp%2Fv2%2Fmedia&parent=38"}],"curies":[{"name":"wp","href":"https:\/\/api.w.org\/{rel}","templated":true}]}}