{"id":40,"date":"2014-04-20T09:57:25","date_gmt":"2014-04-20T09:57:25","guid":{"rendered":"https:\/\/musicaparabodascastellon.com\/?page_id=40"},"modified":"2024-03-16T12:04:21","modified_gmt":"2024-03-16T12:04:21","slug":"contratacion","status":"publish","type":"page","link":"https:\/\/musicaparabodascastellon.com\/?page_id=40","title":{"rendered":"Contrataci\u00f3n"},"content":{"rendered":"\n<p class=\"has-medium-font-size\">Para cualquier tipo de evento que no sea una boda en s\u00ed misma, contactar personalmente por e-mail.<\/p>\n\n\n\n<hr class=\"wp-block-separator has-alpha-channel-opacity is-style-wide\"\/>\n\n\n\n<p class=\"has-medium-font-size\"><strong>e-mail:<\/strong> a4arcs@gmail.com\u00a0<\/p>\n\n\n\n<hr class=\"wp-block-separator has-alpha-channel-opacity is-style-wide\"\/>\n\n\n\n<p><strong>NOTAS:<\/strong><\/p>\n\n\n\n<ul class=\"wp-block-list\">\n<li><em>El cargo por desplazamiento ir\u00e1 a parte de la opci\u00f3n contratada.<\/em><\/li>\n\n\n\n<li><em>Ante situaciones climatol\u00f3gicas adversas (lluvias, tormenta&#8230;) y salvo que no se nos de una soluci\u00f3n al momento para poder tocar a cubierto, no podremos efectuar ning\u00fan servicio contratado, en pro de nuestros instrumentos musicales y nuestro equipo de sonido. Tampoco se realizar\u00e1 ninguna devoluci\u00f3n econ\u00f3mica en este sentido, puesto que el complejo, alquer\u00eda, mas\u00eda etc, debe contar con un plan B para dichas situaciones.<\/em><\/li>\n<\/ul>\n\n\n\n<p>&nbsp;<br><script src=\"https:\/\/cdn1.bodas.net\/js\/wp-widget.js?nossl-sf-sui-20200221-01ES167-1_www_m_\"><\/script><\/p>\n\n\n\n<script src=\"https:\/\/cdn1.bodas.net\/js\/wp-widget.js?symfnw-ES171-1-20240118-008_www_m_\"><\/script>\n<div id=\"wp-widget-reviews\">\n    <div id=\"wp-widget-preview\">\n        Lee <a href=\"https:\/\/www.bodas.net\/musica\/arcs-i-cordes--e53690\/opiniones\" rel=\"nofollow\" rel=\"nofollow\">nuestras opiniones<\/a> en &nbsp;\n        <a href='https:\/\/www.bodas.net' rel=\"nofollow\">\n            <img decoding=\"async\" src=\"https:\/\/cdn1.bodas.net\/assets\/img\/logos\/gen_logoHeader.svg\" height=\"20\">\n        <\/a>\n    <\/div>\n<\/div>\n<script>wpShowReviews(53690, \"red\");<\/script>\n","protected":false},"excerpt":{"rendered":"<p>Para cualquier tipo de evento que no sea una boda en s\u00ed misma, contactar personalmente por e-mail. e-mail: a4arcs@gmail.com\u00a0 NOTAS: &nbsp; Lee nuestras opiniones en &nbsp;<\/p>\n","protected":false},"author":1,"featured_media":0,"parent":0,"menu_order":0,"comment_status":"closed","ping_status":"closed","template":"","meta":{"ngg_post_thumbnail":0,"footnotes":""},"class_list":["post-40","page","type-page","status-publish","hentry"],"_links":{"self":[{"href":"https:\/\/musicaparabodascastellon.com\/index.php?rest_route=\/wp\/v2\/pages\/40","targetHints":{"allow":["GET"]}}],"collection":[{"href":"https:\/\/musicaparabodascastellon.com\/index.php?rest_route=\/wp\/v2\/pages"}],"about":[{"href":"https:\/\/musicaparabodascastellon.com\/index.php?rest_route=\/wp\/v2\/types\/page"}],"author":[{"embeddable":true,"href":"https:\/\/musicaparabodascastellon.com\/index.php?rest_route=\/wp\/v2\/users\/1"}],"replies":[{"embeddable":true,"href":"https:\/\/musicaparabodascastellon.com\/index.php?rest_route=%2Fwp%2Fv2%2Fcomments&post=40"}],"version-history":[{"count":47,"href":"https:\/\/musicaparabodascastellon.com\/index.php?rest_route=\/wp\/v2\/pages\/40\/revisions"}],"predecessor-version":[{"id":627,"href":"https:\/\/musicaparabodascastellon.com\/index.php?rest_route=\/wp\/v2\/pages\/40\/revisions\/627"}],"wp:attachment":[{"href":"https:\/\/musicaparabodascastellon.com\/index.php?rest_route=%2Fwp%2Fv2%2Fmedia&parent=40"}],"curies":[{"name":"wp","href":"https:\/\/api.w.org\/{rel}","templated":true}]}}