{"id":86,"date":"2018-09-11T19:55:49","date_gmt":"2018-09-11T19:55:49","guid":{"rendered":"https:\/\/musicaparabodascastellon.com\/?page_id=86"},"modified":"2025-01-23T10:24:18","modified_gmt":"2025-01-23T10:24:18","slug":"violin-electrico-dj","status":"publish","type":"page","link":"https:\/\/musicaparabodascastellon.com\/?page_id=86","title":{"rendered":"Viol\u00edn el\u00e9ctrico + Discom\u00f3vil"},"content":{"rendered":"\n<p>M\u00fasica para bodas Castell\u00f3n, tambi\u00e9n ofrece la posibilidad de amenizar cualquier evento con discom\u00f3vil y viol\u00edn el\u00e9ctrico, ya sea para un c\u00f3ctel, un final de fiesta de boda memorable o cualquier evento o fiesta privada.<\/p>\n\n\n\n<p>De esta manera, podemos darle a tu evento un toque distinto lleno de energ\u00eda y m\u00fasica de todo tipo ya que contamos con un amplio repertorio que abarca desde el remember de los 90 hasta los temas actuales de hoy en d\u00eda.<\/p>\n\n\n\n<p>Cualquier duda respecto a la contrataci\u00f3n podr\u00e1 ser atendida e-mail .<\/p>\n\n\n\n<h1 class=\"wp-block-heading\">OPCIONES<\/h1>\n\n\n\n<h2 class=\"wp-block-heading\">Viol\u00edn el\u00e9ctrico + Discom\u00f3vil B\u00e1sica<\/h2>\n\n\n\n<div class=\"wp-block-columns is-layout-flex wp-container-core-columns-is-layout-9d6595d7 wp-block-columns-is-layout-flex\">\n<div class=\"wp-block-column is-layout-flow wp-block-column-is-layout-flow\">\n<figure class=\"wp-block-image size-large\"><img loading=\"lazy\" decoding=\"async\" width=\"1024\" height=\"768\" src=\"http:\/\/musicaparabodascastellon.com\/wp-content\/uploads\/2020\/02\/Discom\u00f3bil-S-1024x768.jpg\" alt=\"\" class=\"wp-image-298\" srcset=\"https:\/\/musicaparabodascastellon.com\/wp-content\/uploads\/2020\/02\/Discom\u00f3bil-S-1024x768.jpg 1024w, https:\/\/musicaparabodascastellon.com\/wp-content\/uploads\/2020\/02\/Discom\u00f3bil-S-300x225.jpg 300w, https:\/\/musicaparabodascastellon.com\/wp-content\/uploads\/2020\/02\/Discom\u00f3bil-S-768x576.jpg 768w, https:\/\/musicaparabodascastellon.com\/wp-content\/uploads\/2020\/02\/Discom\u00f3bil-S.jpg 1844w\" sizes=\"auto, (max-width: 1024px) 100vw, 1024px\" \/><\/figure>\n<\/div>\n\n\n\n<div class=\"wp-block-column is-layout-flow wp-block-column-is-layout-flow\">\n<p>Es nuestra discom\u00f3vil benjamina.<\/p>\n\n\n\n<p>Est\u00e1 recomendada para montajes en interior. <\/p>\n\n\n\n<p>&#8211; Sonido 1800w RMS.<\/p>\n\n\n\n<p>&#8211; 2 focos torre par tri led. <\/p>\n\n\n\n<p>&#8211; 1 m\u00e1quina de humo.<\/p>\n\n\n\n<p>&#8211; Cabina DJ retroiluminada. <\/p>\n\n\n\n<p>&#8211; Ne\u00f3n peque\u00f1o.<\/p>\n<\/div>\n<\/div>\n\n\n\n<h2 class=\"wp-block-heading\">Viol\u00edn el\u00e9ctrico y Discom\u00f3vil Advance<\/h2>\n\n\n\n<div class=\"wp-block-columns is-layout-flex wp-container-core-columns-is-layout-9d6595d7 wp-block-columns-is-layout-flex\">\n<div class=\"wp-block-column is-layout-flow wp-block-column-is-layout-flow\">\n<figure class=\"wp-block-image size-large\"><a href=\"http:\/\/musicaparabodascastellon.com\/wp-content\/uploads\/2020\/02\/Discom\u00f3bil-L.jpg\"><img loading=\"lazy\" decoding=\"async\" width=\"1024\" height=\"663\" src=\"http:\/\/musicaparabodascastellon.com\/wp-content\/uploads\/2020\/02\/Discom\u00f3bil-L-1024x663.jpg\" alt=\"\" class=\"wp-image-301\" srcset=\"https:\/\/musicaparabodascastellon.com\/wp-content\/uploads\/2020\/02\/Discom\u00f3bil-L-1024x663.jpg 1024w, https:\/\/musicaparabodascastellon.com\/wp-content\/uploads\/2020\/02\/Discom\u00f3bil-L-300x194.jpg 300w, https:\/\/musicaparabodascastellon.com\/wp-content\/uploads\/2020\/02\/Discom\u00f3bil-L-768x497.jpg 768w, https:\/\/musicaparabodascastellon.com\/wp-content\/uploads\/2020\/02\/Discom\u00f3bil-L.jpg 1260w\" sizes=\"auto, (max-width: 1024px) 100vw, 1024px\" \/><\/a><\/figure>\n<\/div>\n\n\n\n<div class=\"wp-block-column is-layout-flow wp-block-column-is-layout-flow\">\n<p>Discom\u00f3vil media.<\/p>\n\n\n\n<p>&#8211; Sonido 3500w RMS.<\/p>\n\n\n\n<p>&#8211; 2 focos torre par tri led.<\/p>\n\n\n\n<p>&#8211; 2 pilares de 1 metro iluminados. <\/p>\n\n\n\n<p>&#8211; 1 m\u00e1quina de humo.<\/p>\n\n\n\n<p>&#8211; Cabina DJ retroiluminada.<\/p>\n<\/div>\n<\/div>\n\n\n\n<h2 class=\"wp-block-heading\">Viol\u00edn el\u00e9ctrico y Discom\u00f3vil Vintatge<\/h2>\n\n\n\n<div class=\"wp-block-columns is-layout-flex wp-container-core-columns-is-layout-9d6595d7 wp-block-columns-is-layout-flex\">\n<div class=\"wp-block-column is-layout-flow wp-block-column-is-layout-flow\">\n<figure class=\"wp-block-image size-large\"><img loading=\"lazy\" decoding=\"async\" width=\"1024\" height=\"678\" src=\"http:\/\/musicaparabodascastellon.com\/wp-content\/uploads\/2020\/02\/Discom\u00f3bil-Vintage-1024x678.jpg\" alt=\"\" class=\"wp-image-299\" srcset=\"https:\/\/musicaparabodascastellon.com\/wp-content\/uploads\/2020\/02\/Discom\u00f3bil-Vintage-1024x678.jpg 1024w, https:\/\/musicaparabodascastellon.com\/wp-content\/uploads\/2020\/02\/Discom\u00f3bil-Vintage-300x199.jpg 300w, https:\/\/musicaparabodascastellon.com\/wp-content\/uploads\/2020\/02\/Discom\u00f3bil-Vintage-768x509.jpg 768w, https:\/\/musicaparabodascastellon.com\/wp-content\/uploads\/2020\/02\/Discom\u00f3bil-Vintage.jpg 1800w\" sizes=\"auto, (max-width: 1024px) 100vw, 1024px\" \/><\/figure>\n<\/div>\n\n\n\n<div class=\"wp-block-column is-layout-flow wp-block-column-is-layout-flow\">\n<p>Discom\u00f3vil para exterior como<br>interior. <\/p>\n\n\n\n<p>&#8211; Sonido 3500w RMS.<\/p>\n\n\n\n<p>&#8211; 2 cabezas m\u00f3viles.<\/p>\n\n\n\n<p>&#8211; 2 focos torre par tri led.<\/p>\n\n\n\n<p>&#8211; 2 pilares de 1 metro iluminados. <\/p>\n\n\n\n<p>&#8211; 1 m\u00e1quina de humo.<\/p>\n\n\n\n<p>&#8211; Cabina DJ de madera. <\/p>\n\n\n\n<p>&#8211; Letras LOVE o iniciales + &amp;.<\/p>\n<\/div>\n<\/div>\n\n\n\n<h2 class=\"wp-block-heading\">Viol\u00edn el\u00e9ctrico y Discom\u00f3vil Premium<\/h2>\n\n\n\n<div class=\"wp-block-group\"><div class=\"wp-block-group__inner-container is-layout-constrained wp-block-group-is-layout-constrained\">\n<div class=\"wp-block-columns are-vertically-aligned-top is-layout-flex wp-container-core-columns-is-layout-9d6595d7 wp-block-columns-is-layout-flex\">\n<div class=\"wp-block-column is-layout-flow wp-block-column-is-layout-flow\">\n<figure class=\"wp-block-image size-large\"><a href=\"http:\/\/musicaparabodascastellon.com\/wp-content\/uploads\/2025\/01\/f0771af7-2d26-4c5f-adc3-779cff1bb8fb.jpg\"><img loading=\"lazy\" decoding=\"async\" width=\"1024\" height=\"680\" src=\"http:\/\/musicaparabodascastellon.com\/wp-content\/uploads\/2025\/01\/f0771af7-2d26-4c5f-adc3-779cff1bb8fb-1024x680.jpg\" alt=\"\" class=\"wp-image-647\" srcset=\"https:\/\/musicaparabodascastellon.com\/wp-content\/uploads\/2025\/01\/f0771af7-2d26-4c5f-adc3-779cff1bb8fb-1024x680.jpg 1024w, https:\/\/musicaparabodascastellon.com\/wp-content\/uploads\/2025\/01\/f0771af7-2d26-4c5f-adc3-779cff1bb8fb-300x199.jpg 300w, https:\/\/musicaparabodascastellon.com\/wp-content\/uploads\/2025\/01\/f0771af7-2d26-4c5f-adc3-779cff1bb8fb-768x510.jpg 768w, https:\/\/musicaparabodascastellon.com\/wp-content\/uploads\/2025\/01\/f0771af7-2d26-4c5f-adc3-779cff1bb8fb-1536x1020.jpg 1536w, https:\/\/musicaparabodascastellon.com\/wp-content\/uploads\/2025\/01\/f0771af7-2d26-4c5f-adc3-779cff1bb8fb.jpg 1600w\" sizes=\"auto, (max-width: 1024px) 100vw, 1024px\" \/><\/a><\/figure>\n<\/div>\n\n\n\n<div class=\"wp-block-column is-layout-flow wp-block-column-is-layout-flow\">\n<p>Discom\u00f3vil perfecta para el d\u00eda de tu boda (incluye letras Love o Iniciales + &amp;).<\/p>\n\n\n\n<p>&#8211; Sonido 3500w RMS.<\/p>\n\n\n\n<p>&#8211; 4 cabezas m\u00f3viles.<\/p>\n\n\n\n<p>&#8211; 2 focos torre par tri led.<\/p>\n\n\n\n<p>&#8211; 2 truss de 1 metro iluminados. <\/p>\n\n\n\n<p>&#8211; 2 truss de 2 metros iluminados.<\/p>\n\n\n\n<p>&#8211; 1 m\u00e1quina de humo.<\/p>\n\n\n\n<p>&#8211; Cabina DJ de madera + Jard\u00edn vertical + Ne\u00f3n.<\/p>\n<\/div>\n<\/div>\n\n\n\n<h2 class=\"wp-block-heading\">Viol\u00edn el\u00e9ctrico y Discom\u00f3vil Led<\/h2>\n<\/div><\/div>\n\n\n\n<div class=\"wp-block-columns is-layout-flex wp-container-core-columns-is-layout-9d6595d7 wp-block-columns-is-layout-flex\">\n<div class=\"wp-block-column is-layout-flow wp-block-column-is-layout-flow\">\n<figure class=\"wp-block-image size-large\"><a href=\"http:\/\/musicaparabodascastellon.com\/wp-content\/uploads\/2025\/01\/c4aba3ed-76df-4c16-bd3d-b8938f0457d0.jpg\"><img loading=\"lazy\" decoding=\"async\" width=\"1024\" height=\"676\" src=\"http:\/\/musicaparabodascastellon.com\/wp-content\/uploads\/2025\/01\/c4aba3ed-76df-4c16-bd3d-b8938f0457d0-1024x676.jpg\" alt=\"\" class=\"wp-image-648\" srcset=\"https:\/\/musicaparabodascastellon.com\/wp-content\/uploads\/2025\/01\/c4aba3ed-76df-4c16-bd3d-b8938f0457d0-1024x676.jpg 1024w, https:\/\/musicaparabodascastellon.com\/wp-content\/uploads\/2025\/01\/c4aba3ed-76df-4c16-bd3d-b8938f0457d0-300x198.jpg 300w, https:\/\/musicaparabodascastellon.com\/wp-content\/uploads\/2025\/01\/c4aba3ed-76df-4c16-bd3d-b8938f0457d0-768x507.jpg 768w, https:\/\/musicaparabodascastellon.com\/wp-content\/uploads\/2025\/01\/c4aba3ed-76df-4c16-bd3d-b8938f0457d0-1536x1014.jpg 1536w, https:\/\/musicaparabodascastellon.com\/wp-content\/uploads\/2025\/01\/c4aba3ed-76df-4c16-bd3d-b8938f0457d0.jpg 1600w\" sizes=\"auto, (max-width: 1024px) 100vw, 1024px\" \/><\/a><\/figure>\n<\/div>\n\n\n\n<div class=\"wp-block-column is-layout-flow wp-block-column-is-layout-flow\">\n<p>Esta fant\u00e1stica discom\u00f3vil con pantallas led, ne\u00f3n e iluminaci\u00f3n, es ideal para una boda espectacular (incluye letras Love o Iniciales + &amp;).<\/p>\n\n\n\n<p>&#8211; 9 metros de pantalla led.<\/p>\n\n\n\n<p>&#8211; Sonido 3500w RMS.<\/p>\n\n\n\n<p>-8 cabezas m\u00f3viles.<\/p>\n\n\n\n<p>&#8211; 2 m\u00e1quinas de humo.<\/p>\n\n\n\n<p>&#8211; Cabina DJ de madera + Jard\u00edn vertical + Ne\u00f3n.<\/p>\n<\/div>\n<\/div>\n\n\n\n<p><\/p>\n","protected":false},"excerpt":{"rendered":"<p>M\u00fasica para bodas Castell\u00f3n, tambi\u00e9n ofrece la posibilidad de amenizar cualquier evento con discom\u00f3vil y viol\u00edn el\u00e9ctrico, ya sea para un c\u00f3ctel, un final de fiesta de boda memorable o cualquier evento o fiesta privada. De esta manera, podemos darle a tu evento un toque distinto lleno de energ\u00eda y m\u00fasica de todo tipo ya<a class=\"moretag\" href=\"https:\/\/musicaparabodascastellon.com\/?page_id=86\"><span class=\"screen-reader-text\">Leer m\u00e1s sobre Viol\u00edn el\u00e9ctrico + Discom\u00f3vil<\/span>[&#8230;]<\/a><\/p>\n","protected":false},"author":1,"featured_media":0,"parent":0,"menu_order":0,"comment_status":"closed","ping_status":"closed","template":"","meta":{"ngg_post_thumbnail":0,"footnotes":""},"class_list":["post-86","page","type-page","status-publish","hentry"],"_links":{"self":[{"href":"https:\/\/musicaparabodascastellon.com\/index.php?rest_route=\/wp\/v2\/pages\/86","targetHints":{"allow":["GET"]}}],"collection":[{"href":"https:\/\/musicaparabodascastellon.com\/index.php?rest_route=\/wp\/v2\/pages"}],"about":[{"href":"https:\/\/musicaparabodascastellon.com\/index.php?rest_route=\/wp\/v2\/types\/page"}],"author":[{"embeddable":true,"href":"https:\/\/musicaparabodascastellon.com\/index.php?rest_route=\/wp\/v2\/users\/1"}],"replies":[{"embeddable":true,"href":"https:\/\/musicaparabodascastellon.com\/index.php?rest_route=%2Fwp%2Fv2%2Fcomments&post=86"}],"version-history":[{"count":53,"href":"https:\/\/musicaparabodascastellon.com\/index.php?rest_route=\/wp\/v2\/pages\/86\/revisions"}],"predecessor-version":[{"id":652,"href":"https:\/\/musicaparabodascastellon.com\/index.php?rest_route=\/wp\/v2\/pages\/86\/revisions\/652"}],"wp:attachment":[{"href":"https:\/\/musicaparabodascastellon.com\/index.php?rest_route=%2Fwp%2Fv2%2Fmedia&parent=86"}],"curies":[{"name":"wp","href":"https:\/\/api.w.org\/{rel}","templated":true}]}}